{"id":889,"date":"2024-04-09T20:12:10","date_gmt":"2024-04-09T19:12:10","guid":{"rendered":"https:\/\/www.hong-yong.com\/?page_id=889"},"modified":"2025-04-18T14:48:02","modified_gmt":"2025-04-18T13:48:02","slug":"einladung-zur-jahreshauptversammlung","status":"publish","type":"page","link":"https:\/\/www.hong-yong.com\/","title":{"rendered":"Einladung zur Jahreshauptversammlung"},"content":{"rendered":"<p>Liebe Mitglieder, der Vorstand l\u00e4dt hiermit zur<br \/>\nJahreshauptversammlung unseres Vereins Hong-Yong-Kwan e.V. ein.<br \/>\nDie Jahreshauptversammlung findet am 26.05.25 ab 19:00 Uhr in unserem<br \/>\nTrainingsraum in Heimbuchenthal statt.<\/p>\n<p>Jahreshauptversammlung 2024<br \/>\nTOP 1: Er\u00f6ffnung und Begr\u00fc\u00dfung<br \/>\nTOP 2: Genehmigung der Tagesordnung<br \/>\nTOP 3: Verlesen des Protokolls der letzten Jahreshauptversammlung<br \/>\nTOP 4: Bericht des gesch\u00e4ftsf\u00fchrenden Vorstands und des Gesamtvorstands (Ressortleiter)<br \/>\nTOP 5: Entlastung des gesch\u00e4ftsf\u00fchrenden Vorstands und des Gesamtvorstands<br \/>\nTOP 6: W\u00fcnsche und Antr\u00e4ge \/ Sonstiges<br \/>\nTOP 7: Schlie\u00dfen der Sitzung<\/p>\n","protected":false},"excerpt":{"rendered":"<p>Liebe Mitglieder, der Vorstand l\u00e4dt hiermit zur Jahreshauptversammlung unseres Vereins Hong-Yong-Kwan e.V. ein. Die Jahreshauptversammlung findet am 26.05.25 ab 19:00 Uhr in unserem Trainingsraum in Heimbuchenthal statt. Jahreshauptversammlung 2024 TOP 1: Er\u00f6ffnung und Begr\u00fc\u00dfung TOP 2: Genehmigung der Tagesordnung TOP 3: Verlesen des Protokolls der letzten Jahreshauptversammlung TOP 4: Bericht des gesch\u00e4ftsf\u00fchrenden Vorstands und des [&hellip;]<\/p>\n","protected":false},"author":1,"featured_media":0,"parent":0,"menu_order":0,"comment_status":"closed","ping_status":"closed","template":"","meta":{"footnotes":""},"class_list":["post-889","page","type-page","status-publish","hentry"],"_links":{"self":[{"href":"https:\/\/www.hong-yong.com\/index.php?rest_route=\/wp\/v2\/pages\/889","targetHints":{"allow":["GET"]}}],"collection":[{"href":"https:\/\/www.hong-yong.com\/index.php?rest_route=\/wp\/v2\/pages"}],"about":[{"href":"https:\/\/www.hong-yong.com\/index.php?rest_route=\/wp\/v2\/types\/page"}],"author":[{"embeddable":true,"href":"https:\/\/www.hong-yong.com\/index.php?rest_route=\/wp\/v2\/users\/1"}],"replies":[{"embeddable":true,"href":"https:\/\/www.hong-yong.com\/index.php?rest_route=%2Fwp%2Fv2%2Fcomments&post=889"}],"version-history":[{"count":3,"href":"https:\/\/www.hong-yong.com\/index.php?rest_route=\/wp\/v2\/pages\/889\/revisions"}],"predecessor-version":[{"id":906,"href":"https:\/\/www.hong-yong.com\/index.php?rest_route=\/wp\/v2\/pages\/889\/revisions\/906"}],"wp:attachment":[{"href":"https:\/\/www.hong-yong.com\/index.php?rest_route=%2Fwp%2Fv2%2Fmedia&parent=889"}],"curies":[{"name":"wp","href":"https:\/\/api.w.org\/{rel}","templated":true}]}}