{"id":84,"date":"2008-12-01T17:24:07","date_gmt":"2008-12-01T16:24:07","guid":{"rendered":"http:\/\/www.hong-yong.com\/?page_id=84"},"modified":"2018-04-17T20:31:41","modified_gmt":"2018-04-17T19:31:41","slug":"trainer","status":"publish","type":"page","link":"https:\/\/www.hong-yong.com\/?page_id=84","title":{"rendered":"Trainerstab des Hong-Yong-Kwan"},"content":{"rendered":"<div style=\"text-align: center\"><img loading=\"lazy\" decoding=\"async\" id=\"image82\" height=\"130\" alt=\"alex1.jpg\" src=\"http:\/\/www.hong-yong.com\/wp-content\/uploads\/Bilder\/alex1.jpg\" width=\"97\" \/> <img loading=\"lazy\" decoding=\"async\" id=\"image75\" height=\"129\" alt=\"alex2.jpg\" src=\"http:\/\/www.hong-yong.com\/wp-content\/uploads\/Bilder\/alex2.jpg\" width=\"166\" \/><\/div>\n<p align=\"center\"><strong>Alexander Staab<\/strong><\/p>\n<p align=\"center\">3. Dan Taekwondo<\/p>\n<p align=\"center\">1. Dan Hapkido<\/p>\n<p align=\"center\">1.Dan Ju-Jitsu<\/p>\n<p align=\"center\">vom DSB anerkannte B-Trainer-Lizenz der DTU<\/p>\n<p align=\"center\">anerkannter Fach\u00fcbungsleiter f\u00fcr Taekwondo im BLSV<\/p>\n<p align=\"center\">Pr\u00fcfer der DTU<\/p>\n<p align=\"center\">\n<div style=\"text-align: center\"><img loading=\"lazy\" decoding=\"async\" id=\"image85\" height=\"133\" alt=\"dirk.jpg\" src=\"http:\/\/www.hong-yong.com\/wp-content\/uploads\/Bilder\/dirk.jpg\" width=\"99\" \/> <img loading=\"lazy\" decoding=\"async\" id=\"image76\" height=\"133\" alt=\"dirk2.jpg\" src=\"http:\/\/www.hong-yong.com\/wp-content\/uploads\/Bilder\/dirk2.jpg\" width=\"53\" \/><\/div>\n<p align=\"center\"><strong>Dirk Stenger<\/strong><\/p>\n<p align=\"center\">2. Dan Taekwondo<\/p>\n<p align=\"center\">1. Dan Hapkido<\/p>\n<p align=\"center\">anerkannter Fach\u00fcbungsleiter f\u00fcr Taekwondo im BLSV<\/p>\n<p align=\"center\">\n<div style=\"text-align: center\"><img loading=\"lazy\" decoding=\"async\" id=\"image72\" height=\"106\" alt=\"bernhard2.jpg\" src=\"http:\/\/www.hong-yong.com\/wp-content\/uploads\/Bilder\/bernhard2.jpg\" width=\"142\" \/> <img loading=\"lazy\" decoding=\"async\" id=\"image77\" height=\"106\" alt=\"bernhard.jpg\" src=\"http:\/\/www.hong-yong.com\/wp-content\/uploads\/Bilder\/bernhard.jpg\" width=\"83\" \/><\/div>\n<p align=\"center\"><strong>Bernhard Aulbach<\/strong><\/p>\n<p align=\"center\">1. Dan Taekwondo<\/p>\n<p align=\"center\">1. Dan Hapkido<\/p>\n<p align=\"center\">anerkannter Fach\u00fcbungsleiter f\u00fcr Taekwondo im BLSV<\/p>\n<p align=\"center\">\n<p align=\"center\"><img loading=\"lazy\" decoding=\"async\" id=\"image90\" height=\"132\" alt=\"eva4.jpg\" src=\"http:\/\/www.hong-yong.com\/wp-content\/uploads\/Bilder\/eva4.jpg\" width=\"82\" \/> <img loading=\"lazy\" decoding=\"async\" id=\"image91\" height=\"131\" alt=\"eva3.jpg\" src=\"http:\/\/www.hong-yong.com\/wp-content\/uploads\/Bilder\/eva3.jpg\" width=\"141\" \/><\/p>\n<p align=\"center\"><strong>Eva Lother<\/strong><\/p>\n<p align=\"center\">2. Dan Taekwondo<\/p>\n<p align=\"center\">anerkannte Fach\u00fcbungsleiterin f\u00fcr Taekwondo im BLSV<\/p>\n<p align=\"center\">\n<p align=\"center\"><img loading=\"lazy\" decoding=\"async\" id=\"image74\" height=\"128\" alt=\"matthias2.jpg\" src=\"http:\/\/www.hong-yong.com\/wp-content\/uploads\/Bilder\/matthias2.jpg\" width=\"98\" \/> <img loading=\"lazy\" decoding=\"async\" id=\"image79\" height=\"129\" alt=\"matthias.jpg\" src=\"http:\/\/www.hong-yong.com\/wp-content\/uploads\/Bilder\/matthias.jpg\" width=\"77\" \/><\/p>\n<p align=\"center\"><strong>Matthias Stenger<\/strong><\/p>\n<p align=\"center\">1. Dan Taekwondo<\/p>\n<p align=\"center\">\n<img decoding=\"async\" id=\"image189\" src=\"http:\/\/www.hong-yong.com\/wp-content\/uploads\/Bilder\/thomas3.jpg\" alt=\"thomas3.jpg\" \/> <img decoding=\"async\" id=\"image188\" src=\"http:\/\/www.hong-yong.com\/wp-content\/uploads\/Bilder\/thomas2.jpg\" alt=\"thomas2.jpg\" \/><\/p>\n<p align=\"center\"><strong>Thomas Kunkel<\/strong><\/p>\n<p align=\"center\">2. Dan Taekwondo<\/p>\n<p align=\"center\"><img loading=\"lazy\" decoding=\"async\" id=\"image92\" height=\"130\" alt=\"jochen1.jpg\" src=\"http:\/\/www.hong-yong.com\/wp-content\/uploads\/Bilder\/jochen1.jpg\" width=\"77\" \/> <img loading=\"lazy\" decoding=\"async\" id=\"image93\" height=\"129\" alt=\"jochen2.jpg\" src=\"http:\/\/www.hong-yong.com\/wp-content\/uploads\/Bilder\/jochen2.jpg\" width=\"154\" \/><\/p>\n<p align=\"center\"><strong>Jochen Lother<\/strong><\/p>\n<p align=\"center\">1. Kup<\/p>\n<p align=\"center\">anerkannter allgemeiner \u00dcbungsleiter im BLSV<\/p>\n<p align=\"center\">\n<p align=\"center\"><img loading=\"lazy\" decoding=\"async\" id=\"image86\" height=\"143\" alt=\"sarah.jpg\" src=\"http:\/\/www.hong-yong.com\/wp-content\/uploads\/Bilder\/sarah.jpg\" width=\"92\" \/> <img loading=\"lazy\" decoding=\"async\" id=\"image94\" height=\"142\" alt=\"sarah2.jpg\" src=\"http:\/\/www.hong-yong.com\/wp-content\/uploads\/Bilder\/sarah2.jpg\" width=\"67\" \/><\/p>\n<p align=\"center\"><strong>Sarah Diener<\/strong><\/p>\n<p align=\"center\">2. Kup<\/p>\n<p align=\"center\">\n<strong><\/strong><\/p>\n","protected":false},"excerpt":{"rendered":"<p>Alexander Staab 3. Dan Taekwondo 1. Dan Hapkido 1.Dan Ju-Jitsu vom DSB anerkannte B-Trainer-Lizenz der DTU anerkannter Fach\u00fcbungsleiter f\u00fcr Taekwondo im BLSV Pr\u00fcfer der DTU Dirk Stenger 2. Dan Taekwondo 1. Dan Hapkido anerkannter Fach\u00fcbungsleiter f\u00fcr Taekwondo im BLSV Bernhard Aulbach 1. Dan Taekwondo 1. Dan Hapkido anerkannter Fach\u00fcbungsleiter f\u00fcr Taekwondo im BLSV Eva Lother [&hellip;]<\/p>\n","protected":false},"author":1,"featured_media":0,"parent":0,"menu_order":2,"comment_status":"open","ping_status":"open","template":"","meta":{"footnotes":""},"class_list":["post-84","page","type-page","status-publish","hentry"],"_links":{"self":[{"href":"https:\/\/www.hong-yong.com\/index.php?rest_route=\/wp\/v2\/pages\/84","targetHints":{"allow":["GET"]}}],"collection":[{"href":"https:\/\/www.hong-yong.com\/index.php?rest_route=\/wp\/v2\/pages"}],"about":[{"href":"https:\/\/www.hong-yong.com\/index.php?rest_route=\/wp\/v2\/types\/page"}],"author":[{"embeddable":true,"href":"https:\/\/www.hong-yong.com\/index.php?rest_route=\/wp\/v2\/users\/1"}],"replies":[{"embeddable":true,"href":"https:\/\/www.hong-yong.com\/index.php?rest_route=%2Fwp%2Fv2%2Fcomments&post=84"}],"version-history":[{"count":4,"href":"https:\/\/www.hong-yong.com\/index.php?rest_route=\/wp\/v2\/pages\/84\/revisions"}],"predecessor-version":[{"id":446,"href":"https:\/\/www.hong-yong.com\/index.php?rest_route=\/wp\/v2\/pages\/84\/revisions\/446"}],"wp:attachment":[{"href":"https:\/\/www.hong-yong.com\/index.php?rest_route=%2Fwp%2Fv2%2Fmedia&parent=84"}],"curies":[{"name":"wp","href":"https:\/\/api.w.org\/{rel}","templated":true}]}}