{"id":7,"date":"2007-01-22T23:27:12","date_gmt":"2007-01-22T22:27:12","guid":{"rendered":"http:\/\/www.hong-yong.com\/?page_id=7"},"modified":"2024-05-20T18:56:04","modified_gmt":"2024-05-20T17:56:04","slug":"home","status":"publish","type":"page","link":"https:\/\/www.hong-yong.com\/?page_id=7","title":{"rendered":"Home"},"content":{"rendered":"<p><!--\n<a href=\"https:\/\/www.hong-yong.com\/?page_id=725\"> Aktuelle Infos zum Trainingsbetrieb w\u00e4hrend der Corona Pandemie <\/a>\n\n\n<p align=\"center\">\n--><br \/>\n<strong>Herzlich Willkommen<\/strong><\/p>\n<div align=\"center\">auf der Internetpr\u00e4senz des Hong-Yong-Kwan e.V.<\/div>\n<p align=\"center\"><a target=\"_blank\" href=\"https:\/\/www.hong-yong.com\/wp-content\/uploads\/bilder\/Hapkido-Seminar_in_Bayern21.jpg\" rel=\"noopener noreferrer\"><img decoding=\"async\" src=\"https:\/\/www.hong-yong.com\/wp-content\/uploads\/bilder\/Hapkido-Seminar_in_Bayern2.jpg\"><\/a><\/p>\n<p align=\"center\">zum vergr\u00f6\u00dfern bitte auf das Bild klicken!<\/p>\n<p><img decoding=\"async\" src=\"https:\/\/www.hong-yong.com\/wp-content\/uploads\/2017\/11\/FlyerHongYongKwanpage0.jpg\" alt=\"\"><br \/>\n<img decoding=\"async\" src=\"https:\/\/www.hong-yong.com\/wp-content\/uploads\/2017\/11\/FlyerHongYongKwanpage1.jpg\" alt=\"\"><\/p>\n","protected":false},"excerpt":{"rendered":"<p>Herzlich Willkommen auf der Internetpr\u00e4senz des Hong-Yong-Kwan e.V. zum vergr\u00f6\u00dfern bitte auf das Bild klicken!<\/p>\n","protected":false},"author":1,"featured_media":0,"parent":0,"menu_order":0,"comment_status":"open","ping_status":"open","template":"","meta":{"footnotes":""},"class_list":["post-7","page","type-page","status-publish","hentry"],"_links":{"self":[{"href":"https:\/\/www.hong-yong.com\/index.php?rest_route=\/wp\/v2\/pages\/7","targetHints":{"allow":["GET"]}}],"collection":[{"href":"https:\/\/www.hong-yong.com\/index.php?rest_route=\/wp\/v2\/pages"}],"about":[{"href":"https:\/\/www.hong-yong.com\/index.php?rest_route=\/wp\/v2\/types\/page"}],"author":[{"embeddable":true,"href":"https:\/\/www.hong-yong.com\/index.php?rest_route=\/wp\/v2\/users\/1"}],"replies":[{"embeddable":true,"href":"https:\/\/www.hong-yong.com\/index.php?rest_route=%2Fwp%2Fv2%2Fcomments&post=7"}],"version-history":[{"count":7,"href":"https:\/\/www.hong-yong.com\/index.php?rest_route=\/wp\/v2\/pages\/7\/revisions"}],"predecessor-version":[{"id":894,"href":"https:\/\/www.hong-yong.com\/index.php?rest_route=\/wp\/v2\/pages\/7\/revisions\/894"}],"wp:attachment":[{"href":"https:\/\/www.hong-yong.com\/index.php?rest_route=%2Fwp%2Fv2%2Fmedia&parent=7"}],"curies":[{"name":"wp","href":"https:\/\/api.w.org\/{rel}","templated":true}]}}