{"id":558,"date":"2020-03-20T20:21:26","date_gmt":"2020-03-20T19:21:26","guid":{"rendered":"https:\/\/www.hong-yong.com\/?page_id=558"},"modified":"2022-10-02T15:36:14","modified_gmt":"2022-10-02T14:36:14","slug":"trainingszeiten-und-orte","status":"publish","type":"page","link":"https:\/\/www.hong-yong.com\/?page_id=558","title":{"rendered":"Trainingszeiten und Orte"},"content":{"rendered":"<style type=\"text\/css\">\n    table, th { border: 1px solid black; text-align:center;width:100%}<br \/>\n    td {hyphens : auto;border: 1px solid black;text-align:center;}<br \/>\n    .location { font-size : 1.2em; text-align:left;background : grey;color:white}<br \/>\n  <\/style>\n<div class=\"heigenbruecken\">\n<iframe loading=\"lazy\" src=\"https:\/\/www.google.com\/maps\/embed?pb=!1m14!1m12!1m3!1d760.9934709968846!2d9.378155332133732!3d50.027961759149974!2m3!1f0!2f0!3f0!3m2!1i1024!2i768!4f13.1!5e1!3m2!1sde!2sde!4v1478803764906\" width=\"400\" height=\"200\" frameborder=\"0\" style=\"border:0\" allowfullscreen=\"\"><\/iframe><\/p>\n<table>\n<thead>\n<tr>\n<th class=\"location\">Heigenbr\u00fccken Schulturnhalle<\/p>\n<p>(Zugang \u00fcber die Fr\u00fchlingsstra\u00dfe)<\/th>\n<th><\/th>\n<\/tr>\n<tr>\n<th> Trainingszeiten<\/th>\n<th> Trainingsart<\/th>\n<th>Ansprechpartner<\/th>\n<\/tr>\n<\/thead>\n<tbody>\n<tr>\n<th>Mittwoch 19.30 &#8211; 21:00<\/th>\n<th>Fortgeschrittene<\/p>\n<p>Erwachsene<\/th>\n<th>Dirk Stenger, Eva Lother, Thomas Kunkel<\/th>\n<\/tr>\n<tr>\n<th>Samstag  15.30 &#8211; 16:30<\/th>\n<th>Kindertraining<\/th>\n<th>Eva Lother, Dirk Stenger, Thomas Kunkel<\/th>\n<\/tr>\n<tr>\n<th>Samstag  16.30 &#8211; 17:30<\/th>\n<th>Fortgeschrittene<\/p>\n<p>Erwachsene<\/th>\n<th>Dirk Stenger, Eva Lother, Thomas Kunkel<\/th>\n<\/tr>\n<\/tbody>\n<\/table>\n<\/div>\n<div class=\"heimbuchenthal\">\n<iframe loading=\"lazy\" src=\"https:\/\/www.google.com\/maps\/embed?pb=!1m18!1m12!1m3!1d874.048565797834!2d9.311570947046523!3d49.89396660449567!2m3!1f0!2f0!3f0!3m2!1i1024!2i768!4f13.1!3m3!1m2!1s0x47bd4b6057188fef%3A0x7f0488e00fc8bb8e!2sFitness+Body+Vital+Inhaber%3A+J%C3%BCrgen+Roth!5e1!3m2!1sde!2sde!4v1478804178556\" width=\"400\" height=\"200\" frameborder=\"0\" style=\"border:0\" allowfullscreen=\"\"><\/iframe><br \/>\n<a href=\"http:\/\/www.fitness-roth.de\/\" rel=\"noopener noreferrer\" target=\"_blank\">Body Vital Fitness-Studio<\/a><\/p>\n<table>\n<thead>\n<tr>\n<th class=\"location\">Heimbuchenthal<\/p>\n<p>Training im Body-Vital<\/p>\n<p>Klosterstra\u00dfe 41<\/th>\n<th><\/th>\n<\/tr>\n<tr>\n<th> Trainingszeiten<\/th>\n<th> Trainingsart<\/th>\n<th>Ansprechpartner<\/th>\n<\/tr>\n<\/thead>\n<tbody>\n<tr>\n<th>Montag und Donnerstag 17.00 &#8211; 18:00<\/th>\n<th>Kinder<\/th>\n<th>Bernhard Aulbach<\/th>\n<\/tr>\n<tr>\n<th>Montag und Donnerstag  18.00 &#8211; 19:30<\/th>\n<th>Fortgeschrittene Kinder u. Jugendliche<\/th>\n<th>Bernhard Aulbach<\/th>\n<\/tr>\n<tr>\n<th>Freitag   19.00 &#8211; 20:30<\/th>\n<th>Fortgeschrittene Jugendliche und Erwachsene ( auch Anf\u00e4nger )<\/th>\n<th>Alexander Staab<\/th>\n<\/tr>\n<\/tbody>\n<\/table>\n<\/div>\n<p><!--\n\n\n<div class=eschau>\n<iframe loading=\"lazy\" src=\"https:\/\/www.google.com\/maps\/embed?pb=!1m18!1m12!1m3!1d759.3334583396512!2d9.252633167589954!3d49.82623089267194!2m3!1f0!2f0!3f0!3m2!1i1024!2i768!4f13.1!3m3!1m2!1s0x47bd4d9a83f3916b%3A0x155f7aaa7ea6f63b!2sSchulstra%C3%9Fe+9%2C+63863+Eschau!5e1!3m2!1sde!2sde!4v1478804992565\" width=\"400\" height=\"200\" frameborder=\"0\" style=\"border:0\" allowfullscreen>\n<\/iframe>\n\n\n<table>\n\n\n<thead>\n\n\n<tr>\n\n\n<th class=location>Eschau-SommerauTraining im DorfgemeinschaftshausSchulstra\u00dfe 9<\/th>\n\n\n\n\n<th><\/th>\n\n\n<\/tr>\n\n\n\n\n<tr>\n\n\n<th> Trainingszeiten<\/th>\n\n\n\n\n<th> Trainingsart<\/th>\n\n\n\n\n<th>Ansprechpartner<\/th>\n\n\n<\/tr>\n\n\n<\/thead>\n\n\n\n\n<tbody>\n\n\n<tr>\n\n\n<th>Dienstag   19.00 - 20:30<\/th>\n\n\n\n\n<th>Allgemein<\/th>\n\n\n\n\n<th>Alexander Staab<\/th>\n\n\n<\/tr>\n\n\n\n\n<tr>\n\n\n<th>Freitag    19.00 - 20:00<\/th>\n\n\n\n\n<th>Allgemein<\/th>\n\n\n\n\n<th>Alexander Staab<\/th>\n\n\n<\/tr>\n\n\n\n\n<tr>\n\n\n<th>Sonntag    10.00 - 11:30<\/th>\n\n\n\n\n<th>Allgemein<\/th>\n\n\n\n\n<th>Alexander Staab<\/th>\n\n\n<\/tr>\n\n\n<\/tbody>\n\n\n<\/table>\n\n\n<\/div>\n\n\n<\/html>\n\/\/--><\/p>\n","protected":false},"excerpt":{"rendered":"<p>Heigenbr\u00fccken Schulturnhalle (Zugang \u00fcber die Fr\u00fchlingsstra\u00dfe) Trainingszeiten Trainingsart Ansprechpartner Mittwoch 19.30 &#8211; 21:00 Fortgeschrittene Erwachsene Dirk Stenger, Eva Lother, Thomas Kunkel Samstag 15.30 &#8211; 16:30 Kindertraining Eva Lother, Dirk Stenger, Thomas Kunkel Samstag 16.30 &#8211; 17:30 Fortgeschrittene Erwachsene Dirk Stenger, Eva Lother, Thomas Kunkel Body Vital Fitness-Studio Heimbuchenthal Training im Body-Vital Klosterstra\u00dfe 41 Trainingszeiten Trainingsart [&hellip;]<\/p>\n","protected":false},"author":1,"featured_media":0,"parent":0,"menu_order":0,"comment_status":"closed","ping_status":"closed","template":"","meta":{"footnotes":""},"class_list":["post-558","page","type-page","status-publish","hentry"],"_links":{"self":[{"href":"https:\/\/www.hong-yong.com\/index.php?rest_route=\/wp\/v2\/pages\/558","targetHints":{"allow":["GET"]}}],"collection":[{"href":"https:\/\/www.hong-yong.com\/index.php?rest_route=\/wp\/v2\/pages"}],"about":[{"href":"https:\/\/www.hong-yong.com\/index.php?rest_route=\/wp\/v2\/types\/page"}],"author":[{"embeddable":true,"href":"https:\/\/www.hong-yong.com\/index.php?rest_route=\/wp\/v2\/users\/1"}],"replies":[{"embeddable":true,"href":"https:\/\/www.hong-yong.com\/index.php?rest_route=%2Fwp%2Fv2%2Fcomments&post=558"}],"version-history":[{"count":5,"href":"https:\/\/www.hong-yong.com\/index.php?rest_route=\/wp\/v2\/pages\/558\/revisions"}],"predecessor-version":[{"id":872,"href":"https:\/\/www.hong-yong.com\/index.php?rest_route=\/wp\/v2\/pages\/558\/revisions\/872"}],"wp:attachment":[{"href":"https:\/\/www.hong-yong.com\/index.php?rest_route=%2Fwp%2Fv2%2Fmedia&parent=558"}],"curies":[{"name":"wp","href":"https:\/\/api.w.org\/{rel}","templated":true}]}}