{"id":182,"date":"2011-01-23T10:52:06","date_gmt":"2011-01-23T09:52:06","guid":{"rendered":"http:\/\/www.hong-yong.com\/?page_id=182"},"modified":"2011-02-08T20:08:25","modified_gmt":"2011-02-08T19:08:25","slug":"freizeitaktivitaten","status":"publish","type":"page","link":"https:\/\/www.hong-yong.com\/?page_id=182","title":{"rendered":"Freizeitaktivit\u00e4ten"},"content":{"rendered":"<p>In den letzten Jahren wurden von uns au\u00dferhalb des Trainings verschiedene Freizeitaktivit\u00e4ten durchgef\u00fchrt. Dies waren z. B. Spielenachmittage, Schwimmbadbesuche, Grillen, u.v.m.<\/p>\n<p>Einige besondere H\u00f6hepunkte der letzten vier Jahre:<\/p>\n<p>2007<\/p>\n<p>&#8211; Kanufahren auf der Fr\u00e4nkischen Saale mit anschlie\u00dfendem Grillen<br \/>\n&#8211; Winterwanderung mit Lagerfeuer in Jakobsthal<\/p>\n<p>2008 <\/p>\n<p>&#8211; Freundschaftsturnier mit Freigericht\/Neuses<\/p>\n<p>&#8211; Klettergarten in Heimbuchenthal mit anschlie\u00dfendem Grillen<\/p>\n<p>2009 <\/p>\n<p>&#8211; Barbarossa Lauf in Erlenbach am Main<br \/>\n&#8211; Klettergarten in Heigenbr\u00fccken<\/p>\n<p>&#8211; Winterwanderung von Heigenbr\u00fccken nach Jakobsthal mit Nikolaus im Wald<\/p>\n<p>2010 <\/p>\n<p>&#8211; Barbarossa Lauf in Erlenbach am Main<br \/>\n&#8211; Jugendbildungsma\u00dfnahme in Hobbach<\/p>\n","protected":false},"excerpt":{"rendered":"<p>In den letzten Jahren wurden von uns au\u00dferhalb des Trainings verschiedene Freizeitaktivit\u00e4ten durchgef\u00fchrt. Dies waren z. B. Spielenachmittage, Schwimmbadbesuche, Grillen, u.v.m. Einige besondere H\u00f6hepunkte der letzten vier Jahre: 2007 &#8211; Kanufahren auf der Fr\u00e4nkischen Saale mit anschlie\u00dfendem Grillen &#8211; Winterwanderung mit Lagerfeuer in Jakobsthal 2008 &#8211; Freundschaftsturnier mit Freigericht\/Neuses &#8211; Klettergarten in Heimbuchenthal mit anschlie\u00dfendem [&hellip;]<\/p>\n","protected":false},"author":1,"featured_media":0,"parent":0,"menu_order":0,"comment_status":"open","ping_status":"open","template":"","meta":{"footnotes":""},"class_list":["post-182","page","type-page","status-publish","hentry"],"_links":{"self":[{"href":"https:\/\/www.hong-yong.com\/index.php?rest_route=\/wp\/v2\/pages\/182","targetHints":{"allow":["GET"]}}],"collection":[{"href":"https:\/\/www.hong-yong.com\/index.php?rest_route=\/wp\/v2\/pages"}],"about":[{"href":"https:\/\/www.hong-yong.com\/index.php?rest_route=\/wp\/v2\/types\/page"}],"author":[{"embeddable":true,"href":"https:\/\/www.hong-yong.com\/index.php?rest_route=\/wp\/v2\/users\/1"}],"replies":[{"embeddable":true,"href":"https:\/\/www.hong-yong.com\/index.php?rest_route=%2Fwp%2Fv2%2Fcomments&post=182"}],"version-history":[{"count":0,"href":"https:\/\/www.hong-yong.com\/index.php?rest_route=\/wp\/v2\/pages\/182\/revisions"}],"wp:attachment":[{"href":"https:\/\/www.hong-yong.com\/index.php?rest_route=%2Fwp%2Fv2%2Fmedia&parent=182"}],"curies":[{"name":"wp","href":"https:\/\/api.w.org\/{rel}","templated":true}]}}